{"id":742,"date":"2024-03-05T13:07:13","date_gmt":"2024-03-05T12:07:13","guid":{"rendered":"https:\/\/www.hostalion.com\/?page_id=742"},"modified":"2024-03-12T17:07:29","modified_gmt":"2024-03-12T16:07:29","slug":"project-management","status":"publish","type":"page","link":"https:\/\/www.hostalion.com\/es\/project-management\/","title":{"rendered":"Gesti\u00f3n de proyectos"},"content":{"rendered":"<div data-elementor-type=\"wp-page\" data-elementor-id=\"742\" class=\"elementor elementor-742\" data-elementor-post-type=\"page\">\n\t\t\t\t\t\t<section class=\"elementor-section elementor-top-section elementor-element elementor-element-3d42f769 elementor-section-boxed elementor-section-height-default elementor-section-height-default\" data-id=\"3d42f769\" data-element_type=\"section\" data-e-type=\"section\">\n\t\t\t\t\t\t<div class=\"elementor-container elementor-column-gap-default\">\n\t\t\t\t\t<div class=\"elementor-column elementor-col-100 elementor-top-column elementor-element elementor-element-6f975763\" data-id=\"6f975763\" data-element_type=\"column\" data-e-type=\"column\" data-settings=\"{&quot;background_background&quot;:&quot;classic&quot;}\">\n\t\t\t<div class=\"elementor-widget-wrap elementor-element-populated\">\n\t\t\t\t\t<div class=\"elementor-background-overlay\"><\/div>\n\t\t\t\t\t\t<div class=\"elementor-element elementor-element-6672d86d elementor-invisible elementor-widget elementor-widget-heading\" data-id=\"6672d86d\" data-element_type=\"widget\" data-e-type=\"widget\" data-settings=\"{&quot;_animation&quot;:&quot;fadeInDown&quot;}\" data-widget_type=\"heading.default\">\n\t\t\t\t<div class=\"elementor-widget-container\">\n\t\t\t\t\t<h1 class=\"elementor-heading-title elementor-size-default\">Gesti\u00f3n de proyectos<\/h1>\t\t\t\t<\/div>\n\t\t\t\t<\/div>\n\t\t\t\t\t<\/div>\n\t\t<\/div>\n\t\t\t\t\t<\/div>\n\t\t<\/section>\n\t\t\t\t<section class=\"elementor-section elementor-top-section elementor-element elementor-element-7f514a34 elementor-section-boxed elementor-section-height-default elementor-section-height-default\" data-id=\"7f514a34\" data-element_type=\"section\" data-e-type=\"section\">\n\t\t\t\t\t\t<div class=\"elementor-container elementor-column-gap-default\">\n\t\t\t\t\t<div class=\"elementor-column elementor-col-100 elementor-top-column elementor-element elementor-element-42daffce\" data-id=\"42daffce\" data-element_type=\"column\" data-e-type=\"column\">\n\t\t\t<div class=\"elementor-widget-wrap elementor-element-populated\">\n\t\t\t\t\t\t<div class=\"elementor-element elementor-element-54dcacfe elementor-widget elementor-widget-heading\" data-id=\"54dcacfe\" data-element_type=\"widget\" data-e-type=\"widget\" data-widget_type=\"heading.default\">\n\t\t\t\t<div class=\"elementor-widget-container\">\n\t\t\t\t\t<div class=\"elementor-heading-title elementor-size-default\">Potenciar la expansi\u00f3n empresarial<\/div>\t\t\t\t<\/div>\n\t\t\t\t<\/div>\n\t\t\t\t<div class=\"elementor-element elementor-element-5433cb05 elementor-invisible elementor-widget elementor-widget-heading\" data-id=\"5433cb05\" data-element_type=\"widget\" data-e-type=\"widget\" data-settings=\"{&quot;_animation&quot;:&quot;fadeInDown&quot;}\" data-widget_type=\"heading.default\">\n\t\t\t\t<div class=\"elementor-widget-container\">\n\t\t\t\t\t<h2 class=\"elementor-heading-title elementor-size-default\">Soluciones de desarrollo de franquicias<\/h2>\t\t\t\t<\/div>\n\t\t\t\t<\/div>\n\t\t\t\t<div class=\"elementor-element elementor-element-5b84b765 elementor-widget elementor-widget-spacer\" data-id=\"5b84b765\" data-element_type=\"widget\" data-e-type=\"widget\" data-widget_type=\"spacer.default\">\n\t\t\t\t<div class=\"elementor-widget-container\">\n\t\t\t\t\t\t\t<div class=\"elementor-spacer\">\n\t\t\t<div class=\"elementor-spacer-inner\"><\/div>\n\t\t<\/div>\n\t\t\t\t\t\t<\/div>\n\t\t\t\t<\/div>\n\t\t\t\t<section class=\"elementor-section elementor-inner-section elementor-element elementor-element-274b8baa elementor-reverse-mobile elementor-section-boxed elementor-section-height-default elementor-section-height-default elementor-invisible\" data-id=\"274b8baa\" data-element_type=\"section\" data-e-type=\"section\" data-settings=\"{&quot;animation&quot;:&quot;fadeInUp&quot;}\">\n\t\t\t\t\t\t<div class=\"elementor-container elementor-column-gap-default\">\n\t\t\t\t\t<div class=\"elementor-column elementor-col-50 elementor-inner-column elementor-element elementor-element-24ed7389\" data-id=\"24ed7389\" data-element_type=\"column\" data-e-type=\"column\" data-settings=\"{&quot;background_background&quot;:&quot;classic&quot;}\">\n\t\t\t<div class=\"elementor-widget-wrap elementor-element-populated\">\n\t\t\t\t\t\t<div class=\"elementor-element elementor-element-471733a8 elementor-widget elementor-widget-spacer\" data-id=\"471733a8\" data-element_type=\"widget\" data-e-type=\"widget\" data-widget_type=\"spacer.default\">\n\t\t\t\t<div class=\"elementor-widget-container\">\n\t\t\t\t\t\t\t<div class=\"elementor-spacer\">\n\t\t\t<div class=\"elementor-spacer-inner\"><\/div>\n\t\t<\/div>\n\t\t\t\t\t\t<\/div>\n\t\t\t\t<\/div>\n\t\t\t\t\t<\/div>\n\t\t<\/div>\n\t\t\t\t<div class=\"elementor-column elementor-col-50 elementor-inner-column elementor-element elementor-element-1b10efbd\" data-id=\"1b10efbd\" data-element_type=\"column\" data-e-type=\"column\" data-settings=\"{&quot;background_background&quot;:&quot;classic&quot;}\">\n\t\t\t<div class=\"elementor-widget-wrap elementor-element-populated\">\n\t\t\t\t\t\t<div class=\"elementor-element elementor-element-37848566 elementor-view-default elementor-widget elementor-widget-icon\" data-id=\"37848566\" data-element_type=\"widget\" data-e-type=\"widget\" data-widget_type=\"icon.default\">\n\t\t\t\t<div class=\"elementor-widget-container\">\n\t\t\t\t\t\t\t<div class=\"elementor-icon-wrapper\">\n\t\t\t<div class=\"elementor-icon\">\n\t\t\t<i aria-hidden=\"true\" class=\"fas fa-quote-left\"><\/i>\t\t\t<\/div>\n\t\t<\/div>\n\t\t\t\t\t\t<\/div>\n\t\t\t\t<\/div>\n\t\t\t\t<div class=\"elementor-element elementor-element-f42f098 elementor-widget elementor-widget-text-editor\" data-id=\"f42f098\" data-element_type=\"widget\" data-e-type=\"widget\" data-widget_type=\"text-editor.default\">\n\t\t\t\t<div class=\"elementor-widget-container\">\n\t\t\t\t\t\t\t\t\t<p>Desarrollamos paquetes de franquicia que resumen la esencia del negocio y estandarizamos los procesos de trabajo para transmitir a otros el concepto deseado.<\/p><p>Hostalion le asesora durante todo el proceso de planificaci\u00f3n y lanzamiento de su franquicia.<\/p><p>El paquete de franquicia es el elemento m\u00e1s valioso de la franquicia, siendo una parte importante de la misma y principal aportaci\u00f3n del franquiciador.<\/p>\t\t\t\t\t\t\t\t<\/div>\n\t\t\t\t<\/div>\n\t\t\t\t<div class=\"elementor-element elementor-element-4090c5d elementor-widget elementor-widget-heading\" data-id=\"4090c5d\" data-element_type=\"widget\" data-e-type=\"widget\" data-widget_type=\"heading.default\">\n\t\t\t\t<div class=\"elementor-widget-container\">\n\t\t\t\t\t<h2 class=\"elementor-heading-title elementor-size-default\">Contenido del paquete<\/h2>\t\t\t\t<\/div>\n\t\t\t\t<\/div>\n\t\t\t\t<div class=\"elementor-element elementor-element-10369732 elementor-widget elementor-widget-text-editor\" data-id=\"10369732\" data-element_type=\"widget\" data-e-type=\"widget\" data-widget_type=\"text-editor.default\">\n\t\t\t\t<div class=\"elementor-widget-container\">\n\t\t\t\t\t\t\t\t\t<p>Presentaci\u00f3n del concepto (resumen). <br \/>Manual de instalaci\u00f3n TPV.<br \/>Manual Legal (subcontratado).<br \/>Manual de imagen corporativa.<br \/>Manual de operaciones.<\/p>\t\t\t\t\t\t\t\t<\/div>\n\t\t\t\t<\/div>\n\t\t\t\t\t<\/div>\n\t\t<\/div>\n\t\t\t\t\t<\/div>\n\t\t<\/section>\n\t\t\t\t\t<\/div>\n\t\t<\/div>\n\t\t\t\t\t<\/div>\n\t\t<\/section>\n\t\t\t\t<\/div>","protected":false},"excerpt":{"rendered":"<p>Project management Empowering Business Expansion Franchise Development Solutions We develop franchise packages that summarize the essence of the business and standardize work processes in order to convey to others the desired concept. Hostalion advises all the way planning and launch of your franchise. The franchise package is the most valuable element in the franchise, being [&hellip;]<\/p>\n","protected":false},"author":1,"featured_media":0,"parent":0,"menu_order":6,"comment_status":"closed","ping_status":"closed","template":"","meta":{"_joinchat":[],"footnotes":""},"class_list":["post-742","page","type-page","status-publish","hentry"],"yoast_head":"<!-- This site is optimized with the Yoast SEO plugin v27.4 - https:\/\/yoast.com\/product\/yoast-seo-wordpress\/ -->\n<title>Project Management - HOSTALION<\/title>\n<meta name=\"description\" content=\"Drive business growth with Hostalion&#039;s comprehensive Project Management solutions, guiding franchise development from concept to execution.\" \/>\n<meta name=\"robots\" content=\"index, follow, max-snippet:-1, max-image-preview:large, max-video-preview:-1\" \/>\n<link rel=\"canonical\" href=\"https:\/\/www.hostalion.com\/es\/project-management\/\" \/>\n<meta property=\"og:locale\" content=\"es_ES\" \/>\n<meta property=\"og:type\" content=\"article\" \/>\n<meta property=\"og:title\" content=\"Project Management - HOSTALION\" \/>\n<meta property=\"og:description\" content=\"Drive business growth with Hostalion&#039;s comprehensive Project Management solutions, guiding franchise development from concept to execution.\" \/>\n<meta property=\"og:url\" content=\"https:\/\/www.hostalion.com\/es\/project-management\/\" \/>\n<meta property=\"og:site_name\" content=\"HOSTALION\" \/>\n<meta property=\"article:publisher\" content=\"https:\/\/www.facebook.com\/hostalioninternational\" \/>\n<meta property=\"article:modified_time\" content=\"2024-03-12T16:07:29+00:00\" \/>\n<meta name=\"twitter:card\" content=\"summary_large_image\" \/>\n<script type=\"application\/ld+json\" class=\"yoast-schema-graph\">{\"@context\":\"https:\\\/\\\/schema.org\",\"@graph\":[{\"@type\":\"WebPage\",\"@id\":\"https:\\\/\\\/www.hostalion.com\\\/project-management\\\/\",\"url\":\"https:\\\/\\\/www.hostalion.com\\\/project-management\\\/\",\"name\":\"Project Management - HOSTALION\",\"isPartOf\":{\"@id\":\"https:\\\/\\\/www.hostalion.com\\\/#website\"},\"datePublished\":\"2024-03-05T12:07:13+00:00\",\"dateModified\":\"2024-03-12T16:07:29+00:00\",\"description\":\"Drive business growth with Hostalion's comprehensive Project Management solutions, guiding franchise development from concept to execution.\",\"breadcrumb\":{\"@id\":\"https:\\\/\\\/www.hostalion.com\\\/project-management\\\/#breadcrumb\"},\"inLanguage\":\"es\",\"potentialAction\":[{\"@type\":\"ReadAction\",\"target\":[\"https:\\\/\\\/www.hostalion.com\\\/project-management\\\/\"]}]},{\"@type\":\"BreadcrumbList\",\"@id\":\"https:\\\/\\\/www.hostalion.com\\\/project-management\\\/#breadcrumb\",\"itemListElement\":[{\"@type\":\"ListItem\",\"position\":1,\"name\":\"Inicio\",\"item\":\"https:\\\/\\\/www.hostalion.com\\\/\"},{\"@type\":\"ListItem\",\"position\":2,\"name\":\"Project Management\"}]},{\"@type\":\"WebSite\",\"@id\":\"https:\\\/\\\/www.hostalion.com\\\/#website\",\"url\":\"https:\\\/\\\/www.hostalion.com\\\/\",\"name\":\"HOSTALION\",\"description\":\"Maximize your profits by making the right decisions with the help of your data.\",\"publisher\":{\"@id\":\"https:\\\/\\\/www.hostalion.com\\\/#organization\"},\"potentialAction\":[{\"@type\":\"SearchAction\",\"target\":{\"@type\":\"EntryPoint\",\"urlTemplate\":\"https:\\\/\\\/www.hostalion.com\\\/?s={search_term_string}\"},\"query-input\":{\"@type\":\"PropertyValueSpecification\",\"valueRequired\":true,\"valueName\":\"search_term_string\"}}],\"inLanguage\":\"es\"},{\"@type\":\"Organization\",\"@id\":\"https:\\\/\\\/www.hostalion.com\\\/#organization\",\"name\":\"HOSTALION\",\"url\":\"https:\\\/\\\/www.hostalion.com\\\/\",\"logo\":{\"@type\":\"ImageObject\",\"inLanguage\":\"es\",\"@id\":\"https:\\\/\\\/www.hostalion.com\\\/#\\\/schema\\\/logo\\\/image\\\/\",\"url\":\"https:\\\/\\\/www.hostalion.com\\\/wp-content\\\/uploads\\\/2023\\\/11\\\/hostalion.png\",\"contentUrl\":\"https:\\\/\\\/www.hostalion.com\\\/wp-content\\\/uploads\\\/2023\\\/11\\\/hostalion.png\",\"width\":1162,\"height\":276,\"caption\":\"HOSTALION\"},\"image\":{\"@id\":\"https:\\\/\\\/www.hostalion.com\\\/#\\\/schema\\\/logo\\\/image\\\/\"},\"sameAs\":[\"https:\\\/\\\/www.facebook.com\\\/hostalioninternational\",\"https:\\\/\\\/instagram.com\\\/hostalionschool\"]}]}<\/script>\n<!-- \/ Yoast SEO plugin. -->","yoast_head_json":{"title":"Gesti\u00f3n de Proyectos - HOSTALION","description":"Impulse el crecimiento empresarial con las soluciones integrales de gesti\u00f3n de proyectos de Hostalion, guiando el desarrollo de franquicias desde el concepto hasta la ejecuci\u00f3n.","robots":{"index":"index","follow":"follow","max-snippet":"max-snippet:-1","max-image-preview":"max-image-preview:large","max-video-preview":"max-video-preview:-1"},"canonical":"https:\/\/www.hostalion.com\/es\/project-management\/","og_locale":"es_ES","og_type":"article","og_title":"Project Management - HOSTALION","og_description":"Drive business growth with Hostalion's comprehensive Project Management solutions, guiding franchise development from concept to execution.","og_url":"https:\/\/www.hostalion.com\/es\/project-management\/","og_site_name":"HOSTALION","article_publisher":"https:\/\/www.facebook.com\/hostalioninternational","article_modified_time":"2024-03-12T16:07:29+00:00","twitter_card":"summary_large_image","schema":{"@context":"https:\/\/schema.org","@graph":[{"@type":"WebPage","@id":"https:\/\/www.hostalion.com\/project-management\/","url":"https:\/\/www.hostalion.com\/project-management\/","name":"Gesti\u00f3n de Proyectos - HOSTALION","isPartOf":{"@id":"https:\/\/www.hostalion.com\/#website"},"datePublished":"2024-03-05T12:07:13+00:00","dateModified":"2024-03-12T16:07:29+00:00","description":"Impulse el crecimiento empresarial con las soluciones integrales de gesti\u00f3n de proyectos de Hostalion, guiando el desarrollo de franquicias desde el concepto hasta la ejecuci\u00f3n.","breadcrumb":{"@id":"https:\/\/www.hostalion.com\/project-management\/#breadcrumb"},"inLanguage":"es","potentialAction":[{"@type":"ReadAction","target":["https:\/\/www.hostalion.com\/project-management\/"]}]},{"@type":"BreadcrumbList","@id":"https:\/\/www.hostalion.com\/project-management\/#breadcrumb","itemListElement":[{"@type":"ListItem","position":1,"name":"Inicio","item":"https:\/\/www.hostalion.com\/"},{"@type":"ListItem","position":2,"name":"Project Management"}]},{"@type":"WebSite","@id":"https:\/\/www.hostalion.com\/#website","url":"https:\/\/www.hostalion.com\/","name":"HOSTALION","description":"Maximice sus ganancias tomando las decisiones correctas con la ayuda de sus datos.","publisher":{"@id":"https:\/\/www.hostalion.com\/#organization"},"potentialAction":[{"@type":"SearchAction","target":{"@type":"EntryPoint","urlTemplate":"https:\/\/www.hostalion.com\/?s={search_term_string}"},"query-input":{"@type":"PropertyValueSpecification","valueRequired":true,"valueName":"search_term_string"}}],"inLanguage":"es"},{"@type":"Organization","@id":"https:\/\/www.hostalion.com\/#organization","name":"HOSTALION","url":"https:\/\/www.hostalion.com\/","logo":{"@type":"ImageObject","inLanguage":"es","@id":"https:\/\/www.hostalion.com\/#\/schema\/logo\/image\/","url":"https:\/\/www.hostalion.com\/wp-content\/uploads\/2023\/11\/hostalion.png","contentUrl":"https:\/\/www.hostalion.com\/wp-content\/uploads\/2023\/11\/hostalion.png","width":1162,"height":276,"caption":"HOSTALION"},"image":{"@id":"https:\/\/www.hostalion.com\/#\/schema\/logo\/image\/"},"sameAs":["https:\/\/www.facebook.com\/hostalioninternational","https:\/\/instagram.com\/hostalionschool"]}]}},"_links":{"self":[{"href":"https:\/\/www.hostalion.com\/es\/wp-json\/wp\/v2\/pages\/742","targetHints":{"allow":["GET"]}}],"collection":[{"href":"https:\/\/www.hostalion.com\/es\/wp-json\/wp\/v2\/pages"}],"about":[{"href":"https:\/\/www.hostalion.com\/es\/wp-json\/wp\/v2\/types\/page"}],"author":[{"embeddable":true,"href":"https:\/\/www.hostalion.com\/es\/wp-json\/wp\/v2\/users\/1"}],"replies":[{"embeddable":true,"href":"https:\/\/www.hostalion.com\/es\/wp-json\/wp\/v2\/comments?post=742"}],"version-history":[{"count":21,"href":"https:\/\/www.hostalion.com\/es\/wp-json\/wp\/v2\/pages\/742\/revisions"}],"predecessor-version":[{"id":1549,"href":"https:\/\/www.hostalion.com\/es\/wp-json\/wp\/v2\/pages\/742\/revisions\/1549"}],"wp:attachment":[{"href":"https:\/\/www.hostalion.com\/es\/wp-json\/wp\/v2\/media?parent=742"}],"curies":[{"name":"wp","href":"https:\/\/api.w.org\/{rel}","templated":true}]}}